{"id":7411,"date":"2025-02-14T10:20:02","date_gmt":"2025-02-14T10:20:02","guid":{"rendered":"https:\/\/schlueter-dev.nfapp.de\/blog\/?page_id=7411"},"modified":"2025-03-24T10:57:45","modified_gmt":"2025-03-24T10:57:45","slug":"duengung-und-pflanzenschutz","status":"publish","type":"page","link":"https:\/\/www.garten-schlueter.de\/blog\/duengung-und-pflanzenschutz\/","title":{"rendered":"D\u00fcngung und Pflanzenschutz"},"content":{"rendered":"\t\t<div data-elementor-type=\"wp-post\" data-elementor-id=\"7411\" class=\"elementor elementor-7411\" data-elementor-post-type=\"page\">\n\t\t\t\t<div class=\"elementor-element elementor-element-46a082c e-flex e-con-boxed e-con e-parent\" data-id=\"46a082c\" data-element_type=\"container\" data-e-type=\"container\">\n\t\t\t\t\t<div class=\"e-con-inner\">\n\t\t<div class=\"elementor-element elementor-element-8df0759 e-con-full e-flex e-con e-child\" data-id=\"8df0759\" data-element_type=\"container\" data-e-type=\"container\">\n\t\t\t\t<div class=\"elementor-element elementor-element-baf80a1 elementor-widget elementor-widget-heading\" data-id=\"baf80a1\" data-element_type=\"widget\" data-e-type=\"widget\" data-widget_type=\"heading.default\">\n\t\t\t\t<div class=\"elementor-widget-container\">\n\t\t\t\t\t<h1 class=\"elementor-heading-title elementor-size-default\">D\u00fcngung &amp; Pflanzenschutz<\/h1>\t\t\t\t<\/div>\n\t\t\t\t<\/div>\n\t\t\t\t<div class=\"elementor-element elementor-element-d820e9b elementor-widget elementor-widget-text-editor\" data-id=\"d820e9b\" data-element_type=\"widget\" data-e-type=\"widget\" data-widget_type=\"text-editor.default\">\n\t\t\t\t<div class=\"elementor-widget-container\">\n\t\t\t\t\t\t\t\t\t<p>Damit Pflanzen kr\u00e4ftig wachsen, brauchen sie die richtigen N\u00e4hrstoffe und Schutz vor Sch\u00e4dlingen und Krankheiten. Bei Garten Schl\u00fcter setzen wir auf bew\u00e4hrte, nachhaltige L\u00f6sungen, die Pflanzen gezielt st\u00e4rken, ohne die Umwelt unn\u00f6tig zu belasten. Unsere organischen D\u00fcnger sorgen f\u00fcr optimale Bodenverh\u00e4ltnisse und gesundes Wachstum, w\u00e4hrend sanfte Pflanzenschutzmittel deine Pflanzen vor \u00e4u\u00dferen Einfl\u00fcssen sch\u00fctzen. Mit \u00fcber 100 Jahren Erfahrung wissen wir, welche Methoden wirklich wirken \u2013 f\u00fcr starke, widerstandsf\u00e4hige Pflanzen und einen gesunden Garten.<\/p>\t\t\t\t\t\t\t\t<\/div>\n\t\t\t\t<\/div>\n\t\t\t\t<\/div>\n\t\t<div class=\"elementor-element elementor-element-8f480bd e-con-full e-flex e-con e-child\" data-id=\"8f480bd\" data-element_type=\"container\" data-e-type=\"container\">\n\t\t<a class=\"elementor-element elementor-element-284bfdc e-con-full nfg-card nfg-card-category e-flex e-con e-child\" data-id=\"284bfdc\" data-element_type=\"container\" data-e-type=\"container\" data-settings=\"{&quot;background_background&quot;:&quot;classic&quot;}\" href=\"\/blog\/duengung-ratgeber\/\">\n\t\t\t\t<div class=\"elementor-element elementor-element-5762aff elementor-widget elementor-widget-image\" data-id=\"5762aff\" data-element_type=\"widget\" data-e-type=\"widget\" data-widget_type=\"image.default\">\n\t\t\t\t<div class=\"elementor-widget-container\">\n\t\t\t\t\t\t\t\t\t\t\t\t\t\t\t<img fetchpriority=\"high\" decoding=\"async\" width=\"800\" height=\"480\" src=\"https:\/\/www.garten-schlueter.de\/blog\/wp-content\/uploads\/duenger.jpg\" class=\"attachment-large size-large wp-image-7413\" alt=\"D\u00fcnger\" srcset=\"https:\/\/www.garten-schlueter.de\/blog\/wp-content\/uploads\/duenger.jpg 1000w, https:\/\/www.garten-schlueter.de\/blog\/wp-content\/uploads\/duenger-300x180.jpg 300w, https:\/\/www.garten-schlueter.de\/blog\/wp-content\/uploads\/duenger-768x461.jpg 768w\" sizes=\"(max-width: 800px) 100vw, 800px\" \/>\t\t\t\t\t\t\t\t\t\t\t\t\t\t\t<\/div>\n\t\t\t\t<\/div>\n\t\t<div class=\"elementor-element elementor-element-50f5c8d e-con-full nfg-card-content e-flex e-con e-child\" data-id=\"50f5c8d\" data-element_type=\"container\" data-e-type=\"container\">\n\t\t\t\t<div class=\"elementor-element elementor-element-0e64384 elementor-widget elementor-widget-heading\" data-id=\"0e64384\" data-element_type=\"widget\" data-e-type=\"widget\" data-widget_type=\"heading.default\">\n\t\t\t\t<div class=\"elementor-widget-container\">\n\t\t\t\t\t<div class=\"elementor-heading-title elementor-size-default\">D\u00fcngung<\/div>\t\t\t\t<\/div>\n\t\t\t\t<\/div>\n\t\t\t\t<div class=\"elementor-element elementor-element-3633ff6 elementor-widget elementor-widget-text-editor\" data-id=\"3633ff6\" data-element_type=\"widget\" data-e-type=\"widget\" data-widget_type=\"text-editor.default\">\n\t\t\t\t<div class=\"elementor-widget-container\">\n\t\t\t\t\t\t\t\t\t<p>Gesunde Pflanzen brauchen die richtigen N\u00e4hrstoffe \u2013 unsere D\u00fcnger versorgen sie gezielt und nachhaltig. Erfahre, wie du das Wachstum und die Bl\u00fchfreude deiner Pflanzen optimal unterst\u00fctzt.<\/p>\t\t\t\t\t\t\t\t<\/div>\n\t\t\t\t<\/div>\n\t\t\t\t<div class=\"elementor-element elementor-element-215d2de nfg-card-button elementor-widget elementor-widget-heading\" data-id=\"215d2de\" data-element_type=\"widget\" data-e-type=\"widget\" data-widget_type=\"heading.default\">\n\t\t\t\t<div class=\"elementor-widget-container\">\n\t\t\t\t\t<div class=\"elementor-heading-title elementor-size-default\">weiter lesen<\/div>\t\t\t\t<\/div>\n\t\t\t\t<\/div>\n\t\t\t\t<\/div>\n\t\t\t\t<\/a>\n\t\t<a class=\"elementor-element elementor-element-49c2204 e-con-full nfg-card nfg-card-category e-flex e-con e-child\" data-id=\"49c2204\" data-element_type=\"container\" data-e-type=\"container\" data-settings=\"{&quot;background_background&quot;:&quot;classic&quot;}\" href=\"\/blog\/pflanzenschutz-ratgeber\/\">\n\t\t\t\t<div class=\"elementor-element elementor-element-f761617 elementor-widget elementor-widget-image\" data-id=\"f761617\" data-element_type=\"widget\" data-e-type=\"widget\" data-widget_type=\"image.default\">\n\t\t\t\t<div class=\"elementor-widget-container\">\n\t\t\t\t\t\t\t\t\t\t\t\t\t\t\t<img decoding=\"async\" width=\"800\" height=\"480\" src=\"https:\/\/www.garten-schlueter.de\/blog\/wp-content\/uploads\/Pflanzenschutz.jpg\" class=\"attachment-large size-large wp-image-7414\" alt=\"Pflanzenschutztunnel\" srcset=\"https:\/\/www.garten-schlueter.de\/blog\/wp-content\/uploads\/Pflanzenschutz.jpg 1000w, https:\/\/www.garten-schlueter.de\/blog\/wp-content\/uploads\/Pflanzenschutz-300x180.jpg 300w, https:\/\/www.garten-schlueter.de\/blog\/wp-content\/uploads\/Pflanzenschutz-768x461.jpg 768w\" sizes=\"(max-width: 800px) 100vw, 800px\" \/>\t\t\t\t\t\t\t\t\t\t\t\t\t\t\t<\/div>\n\t\t\t\t<\/div>\n\t\t<div class=\"elementor-element elementor-element-f169009 e-con-full nfg-card-content e-flex e-con e-child\" data-id=\"f169009\" data-element_type=\"container\" data-e-type=\"container\">\n\t\t\t\t<div class=\"elementor-element elementor-element-2f54a25 elementor-widget elementor-widget-heading\" data-id=\"2f54a25\" data-element_type=\"widget\" data-e-type=\"widget\" data-widget_type=\"heading.default\">\n\t\t\t\t<div class=\"elementor-widget-container\">\n\t\t\t\t\t<div class=\"elementor-heading-title elementor-size-default\">Pflanzenschutz<\/div>\t\t\t\t<\/div>\n\t\t\t\t<\/div>\n\t\t\t\t<div class=\"elementor-element elementor-element-34d2b1d elementor-widget elementor-widget-text-editor\" data-id=\"34d2b1d\" data-element_type=\"widget\" data-e-type=\"widget\" data-widget_type=\"text-editor.default\">\n\t\t\t\t<div class=\"elementor-widget-container\">\n\t\t\t\t\t\t\t\t\t<p>Sch\u00e4dlinge und Krankheiten k\u00f6nnen Pflanzen schw\u00e4chen \u2013 doch mit den richtigen Ma\u00dfnahmen bleiben sie gesund. Entdecke nat\u00fcrliche und bew\u00e4hrte Methoden, um deinen Garten effektiv zu sch\u00fctzen.<\/p>\t\t\t\t\t\t\t\t<\/div>\n\t\t\t\t<\/div>\n\t\t\t\t<div class=\"elementor-element elementor-element-48e666a nfg-card-button elementor-widget elementor-widget-heading\" data-id=\"48e666a\" data-element_type=\"widget\" data-e-type=\"widget\" data-widget_type=\"heading.default\">\n\t\t\t\t<div class=\"elementor-widget-container\">\n\t\t\t\t\t<div class=\"elementor-heading-title elementor-size-default\">weiter lesen<\/div>\t\t\t\t<\/div>\n\t\t\t\t<\/div>\n\t\t\t\t<\/div>\n\t\t\t\t<\/a>\n\t\t\t\t<\/div>\n\t\t\t\t\t<\/div>\n\t\t\t\t<\/div>\n\t\t\t\t<\/div>\n\t\t","protected":false},"excerpt":{"rendered":"<p>Damit Pflanzen kr\u00e4ftig wachsen, brauchen sie die richtigen N\u00e4hrstoffe und Schutz vor Sch\u00e4dlingen und Krankheiten. Bei Garten Schl\u00fcter setzen wir auf bew\u00e4hrte, nachhaltige L\u00f6sungen, die Pflanzen gezielt st\u00e4rken, ohne die Umwelt unn\u00f6tig zu belasten.<\/p>\n","protected":false},"author":5,"featured_media":6919,"parent":0,"menu_order":0,"comment_status":"closed","ping_status":"closed","template":"","meta":{"footnotes":""},"class_list":["post-7411","page","type-page","status-publish","has-post-thumbnail","hentry"],"yoast_head":"<!-- This site is optimized with the Yoast SEO plugin v27.3 - https:\/\/yoast.com\/product\/yoast-seo-wordpress\/ -->\n<title>Garten Schl\u00fcter | D\u00fcngung &amp; Pflanzenschutz Ratgeber<\/title>\n<meta name=\"description\" content=\"Erfahre praktische Tipps zu D\u00fcngung &amp; Pflanzenschutz f\u00fcr einen vitalen Garten. Jetzt lesen und deine Pflanzen optimal sch\u00fctzen!\" \/>\n<meta name=\"robots\" content=\"index, follow, max-snippet:-1, max-image-preview:large, max-video-preview:-1\" \/>\n<link rel=\"canonical\" href=\"https:\/\/www.garten-schlueter.de\/blog\/duengung-und-pflanzenschutz\/\" \/>\n<meta property=\"og:locale\" content=\"de_DE\" \/>\n<meta property=\"og:type\" content=\"article\" \/>\n<meta property=\"og:title\" content=\"Garten Schl\u00fcter | D\u00fcngung &amp; Pflanzenschutz Ratgeber\" \/>\n<meta property=\"og:description\" content=\"Erfahre praktische Tipps zu D\u00fcngung &amp; Pflanzenschutz f\u00fcr einen vitalen Garten. Jetzt lesen und deine Pflanzen optimal sch\u00fctzen!\" \/>\n<meta property=\"og:url\" content=\"https:\/\/www.garten-schlueter.de\/blog\/duengung-und-pflanzenschutz\/\" \/>\n<meta property=\"og:site_name\" content=\"Garten Schl\u00fcter\" \/>\n<meta property=\"article:modified_time\" content=\"2025-03-24T10:57:45+00:00\" \/>\n<meta property=\"og:image\" content=\"https:\/\/www.garten-schlueter.de\/blog\/wp-content\/uploads\/hornspaene1.jpg\" \/>\n\t<meta property=\"og:image:width\" content=\"1000\" \/>\n\t<meta property=\"og:image:height\" content=\"600\" \/>\n\t<meta property=\"og:image:type\" content=\"image\/jpeg\" \/>\n<meta name=\"twitter:card\" content=\"summary_large_image\" \/>\n<meta name=\"twitter:label1\" content=\"Gesch\u00e4tzte Lesezeit\" \/>\n\t<meta name=\"twitter:data1\" content=\"2\u00a0Minuten\" \/>\n<script type=\"application\/ld+json\" class=\"yoast-schema-graph\">{\"@context\":\"https:\\\/\\\/schema.org\",\"@graph\":[{\"@type\":\"WebPage\",\"@id\":\"https:\\\/\\\/www.garten-schlueter.de\\\/blog\\\/duengung-und-pflanzenschutz\\\/\",\"url\":\"https:\\\/\\\/www.garten-schlueter.de\\\/blog\\\/duengung-und-pflanzenschutz\\\/\",\"name\":\"Garten Schl\u00fcter | D\u00fcngung & Pflanzenschutz Ratgeber\",\"isPartOf\":{\"@id\":\"https:\\\/\\\/www.garten-schlueter.de\\\/blog\\\/#website\"},\"primaryImageOfPage\":{\"@id\":\"https:\\\/\\\/www.garten-schlueter.de\\\/blog\\\/duengung-und-pflanzenschutz\\\/#primaryimage\"},\"image\":{\"@id\":\"https:\\\/\\\/www.garten-schlueter.de\\\/blog\\\/duengung-und-pflanzenschutz\\\/#primaryimage\"},\"thumbnailUrl\":\"https:\\\/\\\/www.garten-schlueter.de\\\/blog\\\/wp-content\\\/uploads\\\/hornspaene1.jpg\",\"datePublished\":\"2025-02-14T10:20:02+00:00\",\"dateModified\":\"2025-03-24T10:57:45+00:00\",\"description\":\"Erfahre praktische Tipps zu D\u00fcngung & Pflanzenschutz f\u00fcr einen vitalen Garten. Jetzt lesen und deine Pflanzen optimal sch\u00fctzen!\",\"breadcrumb\":{\"@id\":\"https:\\\/\\\/www.garten-schlueter.de\\\/blog\\\/duengung-und-pflanzenschutz\\\/#breadcrumb\"},\"inLanguage\":\"de\",\"potentialAction\":[{\"@type\":\"ReadAction\",\"target\":[\"https:\\\/\\\/www.garten-schlueter.de\\\/blog\\\/duengung-und-pflanzenschutz\\\/\"]}]},{\"@type\":\"ImageObject\",\"inLanguage\":\"de\",\"@id\":\"https:\\\/\\\/www.garten-schlueter.de\\\/blog\\\/duengung-und-pflanzenschutz\\\/#primaryimage\",\"url\":\"https:\\\/\\\/www.garten-schlueter.de\\\/blog\\\/wp-content\\\/uploads\\\/hornspaene1.jpg\",\"contentUrl\":\"https:\\\/\\\/www.garten-schlueter.de\\\/blog\\\/wp-content\\\/uploads\\\/hornspaene1.jpg\",\"width\":1000,\"height\":600,\"caption\":\"Hornsp\u00e4ne in der Hand\"},{\"@type\":\"BreadcrumbList\",\"@id\":\"https:\\\/\\\/www.garten-schlueter.de\\\/blog\\\/duengung-und-pflanzenschutz\\\/#breadcrumb\",\"itemListElement\":[{\"@type\":\"ListItem\",\"position\":1,\"name\":\"Startseite\",\"item\":\"https:\\\/\\\/www.garten-schlueter.de\\\/blog\\\/\"},{\"@type\":\"ListItem\",\"position\":2,\"name\":\"D\u00fcngung und Pflanzenschutz\"}]},{\"@type\":\"WebSite\",\"@id\":\"https:\\\/\\\/www.garten-schlueter.de\\\/blog\\\/#website\",\"url\":\"https:\\\/\\\/www.garten-schlueter.de\\\/blog\\\/\",\"name\":\"Garten Schl\u00fcter\",\"description\":\"\",\"publisher\":{\"@id\":\"https:\\\/\\\/www.garten-schlueter.de\\\/blog\\\/#organization\"},\"potentialAction\":[{\"@type\":\"SearchAction\",\"target\":{\"@type\":\"EntryPoint\",\"urlTemplate\":\"https:\\\/\\\/www.garten-schlueter.de\\\/blog\\\/?s={search_term_string}\"},\"query-input\":{\"@type\":\"PropertyValueSpecification\",\"valueRequired\":true,\"valueName\":\"search_term_string\"}}],\"inLanguage\":\"de\"},{\"@type\":\"Organization\",\"@id\":\"https:\\\/\\\/www.garten-schlueter.de\\\/blog\\\/#organization\",\"name\":\"Garten Schl\u00fcter\",\"url\":\"https:\\\/\\\/www.garten-schlueter.de\\\/blog\\\/\",\"logo\":{\"@type\":\"ImageObject\",\"inLanguage\":\"de\",\"@id\":\"https:\\\/\\\/www.garten-schlueter.de\\\/blog\\\/#\\\/schema\\\/logo\\\/image\\\/\",\"url\":\"https:\\\/\\\/www.garten-schlueter.de\\\/blog\\\/wp-content\\\/uploads\\\/garten-schlueter-100.svg\",\"contentUrl\":\"https:\\\/\\\/www.garten-schlueter.de\\\/blog\\\/wp-content\\\/uploads\\\/garten-schlueter-100.svg\",\"width\":507,\"height\":105,\"caption\":\"Garten Schl\u00fcter\"},\"image\":{\"@id\":\"https:\\\/\\\/www.garten-schlueter.de\\\/blog\\\/#\\\/schema\\\/logo\\\/image\\\/\"}}]}<\/script>\n<!-- \/ Yoast SEO plugin. -->","yoast_head_json":{"title":"Garten Schl\u00fcter | D\u00fcngung & Pflanzenschutz Ratgeber","description":"Erfahre praktische Tipps zu D\u00fcngung & Pflanzenschutz f\u00fcr einen vitalen Garten. Jetzt lesen und deine Pflanzen optimal sch\u00fctzen!","robots":{"index":"index","follow":"follow","max-snippet":"max-snippet:-1","max-image-preview":"max-image-preview:large","max-video-preview":"max-video-preview:-1"},"canonical":"https:\/\/www.garten-schlueter.de\/blog\/duengung-und-pflanzenschutz\/","og_locale":"de_DE","og_type":"article","og_title":"Garten Schl\u00fcter | D\u00fcngung & Pflanzenschutz Ratgeber","og_description":"Erfahre praktische Tipps zu D\u00fcngung & Pflanzenschutz f\u00fcr einen vitalen Garten. Jetzt lesen und deine Pflanzen optimal sch\u00fctzen!","og_url":"https:\/\/www.garten-schlueter.de\/blog\/duengung-und-pflanzenschutz\/","og_site_name":"Garten Schl\u00fcter","article_modified_time":"2025-03-24T10:57:45+00:00","og_image":[{"width":1000,"height":600,"url":"https:\/\/www.garten-schlueter.de\/blog\/wp-content\/uploads\/hornspaene1.jpg","type":"image\/jpeg"}],"twitter_card":"summary_large_image","twitter_misc":{"Gesch\u00e4tzte Lesezeit":"2\u00a0Minuten"},"schema":{"@context":"https:\/\/schema.org","@graph":[{"@type":"WebPage","@id":"https:\/\/www.garten-schlueter.de\/blog\/duengung-und-pflanzenschutz\/","url":"https:\/\/www.garten-schlueter.de\/blog\/duengung-und-pflanzenschutz\/","name":"Garten Schl\u00fcter | D\u00fcngung & Pflanzenschutz Ratgeber","isPartOf":{"@id":"https:\/\/www.garten-schlueter.de\/blog\/#website"},"primaryImageOfPage":{"@id":"https:\/\/www.garten-schlueter.de\/blog\/duengung-und-pflanzenschutz\/#primaryimage"},"image":{"@id":"https:\/\/www.garten-schlueter.de\/blog\/duengung-und-pflanzenschutz\/#primaryimage"},"thumbnailUrl":"https:\/\/www.garten-schlueter.de\/blog\/wp-content\/uploads\/hornspaene1.jpg","datePublished":"2025-02-14T10:20:02+00:00","dateModified":"2025-03-24T10:57:45+00:00","description":"Erfahre praktische Tipps zu D\u00fcngung & Pflanzenschutz f\u00fcr einen vitalen Garten. Jetzt lesen und deine Pflanzen optimal sch\u00fctzen!","breadcrumb":{"@id":"https:\/\/www.garten-schlueter.de\/blog\/duengung-und-pflanzenschutz\/#breadcrumb"},"inLanguage":"de","potentialAction":[{"@type":"ReadAction","target":["https:\/\/www.garten-schlueter.de\/blog\/duengung-und-pflanzenschutz\/"]}]},{"@type":"ImageObject","inLanguage":"de","@id":"https:\/\/www.garten-schlueter.de\/blog\/duengung-und-pflanzenschutz\/#primaryimage","url":"https:\/\/www.garten-schlueter.de\/blog\/wp-content\/uploads\/hornspaene1.jpg","contentUrl":"https:\/\/www.garten-schlueter.de\/blog\/wp-content\/uploads\/hornspaene1.jpg","width":1000,"height":600,"caption":"Hornsp\u00e4ne in der Hand"},{"@type":"BreadcrumbList","@id":"https:\/\/www.garten-schlueter.de\/blog\/duengung-und-pflanzenschutz\/#breadcrumb","itemListElement":[{"@type":"ListItem","position":1,"name":"Startseite","item":"https:\/\/www.garten-schlueter.de\/blog\/"},{"@type":"ListItem","position":2,"name":"D\u00fcngung und Pflanzenschutz"}]},{"@type":"WebSite","@id":"https:\/\/www.garten-schlueter.de\/blog\/#website","url":"https:\/\/www.garten-schlueter.de\/blog\/","name":"Garten Schl\u00fcter","description":"","publisher":{"@id":"https:\/\/www.garten-schlueter.de\/blog\/#organization"},"potentialAction":[{"@type":"SearchAction","target":{"@type":"EntryPoint","urlTemplate":"https:\/\/www.garten-schlueter.de\/blog\/?s={search_term_string}"},"query-input":{"@type":"PropertyValueSpecification","valueRequired":true,"valueName":"search_term_string"}}],"inLanguage":"de"},{"@type":"Organization","@id":"https:\/\/www.garten-schlueter.de\/blog\/#organization","name":"Garten Schl\u00fcter","url":"https:\/\/www.garten-schlueter.de\/blog\/","logo":{"@type":"ImageObject","inLanguage":"de","@id":"https:\/\/www.garten-schlueter.de\/blog\/#\/schema\/logo\/image\/","url":"https:\/\/www.garten-schlueter.de\/blog\/wp-content\/uploads\/garten-schlueter-100.svg","contentUrl":"https:\/\/www.garten-schlueter.de\/blog\/wp-content\/uploads\/garten-schlueter-100.svg","width":507,"height":105,"caption":"Garten Schl\u00fcter"},"image":{"@id":"https:\/\/www.garten-schlueter.de\/blog\/#\/schema\/logo\/image\/"}}]}},"_links":{"self":[{"href":"https:\/\/www.garten-schlueter.de\/blog\/wp-json\/wp\/v2\/pages\/7411","targetHints":{"allow":["GET"]}}],"collection":[{"href":"https:\/\/www.garten-schlueter.de\/blog\/wp-json\/wp\/v2\/pages"}],"about":[{"href":"https:\/\/www.garten-schlueter.de\/blog\/wp-json\/wp\/v2\/types\/page"}],"author":[{"embeddable":true,"href":"https:\/\/www.garten-schlueter.de\/blog\/wp-json\/wp\/v2\/users\/5"}],"replies":[{"embeddable":true,"href":"https:\/\/www.garten-schlueter.de\/blog\/wp-json\/wp\/v2\/comments?post=7411"}],"version-history":[{"count":4,"href":"https:\/\/www.garten-schlueter.de\/blog\/wp-json\/wp\/v2\/pages\/7411\/revisions"}],"predecessor-version":[{"id":7417,"href":"https:\/\/www.garten-schlueter.de\/blog\/wp-json\/wp\/v2\/pages\/7411\/revisions\/7417"}],"wp:featuredmedia":[{"embeddable":true,"href":"https:\/\/www.garten-schlueter.de\/blog\/wp-json\/wp\/v2\/media\/6919"}],"wp:attachment":[{"href":"https:\/\/www.garten-schlueter.de\/blog\/wp-json\/wp\/v2\/media?parent=7411"}],"curies":[{"name":"wp","href":"https:\/\/api.w.org\/{rel}","templated":true}]}}