{"id":7397,"date":"2025-02-14T09:59:58","date_gmt":"2025-02-14T09:59:58","guid":{"rendered":"https:\/\/schlueter-dev.nfapp.de\/blog\/?page_id=7397"},"modified":"2025-03-24T10:57:02","modified_gmt":"2025-03-24T10:57:02","slug":"garten-inspiration","status":"publish","type":"page","link":"https:\/\/www.garten-schlueter.de\/blog\/garten-inspiration\/","title":{"rendered":"Garten-Inspiration"},"content":{"rendered":"\t\t<div data-elementor-type=\"wp-post\" data-elementor-id=\"7397\" class=\"elementor elementor-7397\" data-elementor-post-type=\"page\">\n\t\t\t\t<div class=\"elementor-element elementor-element-46a082c e-flex e-con-boxed e-con e-parent\" data-id=\"46a082c\" data-element_type=\"container\" data-e-type=\"container\">\n\t\t\t\t\t<div class=\"e-con-inner\">\n\t\t<div class=\"elementor-element elementor-element-8df0759 e-con-full e-flex e-con e-child\" data-id=\"8df0759\" data-element_type=\"container\" data-e-type=\"container\">\n\t\t\t\t<div class=\"elementor-element elementor-element-baf80a1 elementor-widget elementor-widget-heading\" data-id=\"baf80a1\" data-element_type=\"widget\" data-e-type=\"widget\" data-widget_type=\"heading.default\">\n\t\t\t\t<div class=\"elementor-widget-container\">\n\t\t\t\t\t<h1 class=\"elementor-heading-title elementor-size-default\">Garten-Inspiration<\/h1>\t\t\t\t<\/div>\n\t\t\t\t<\/div>\n\t\t\t\t<div class=\"elementor-element elementor-element-d820e9b elementor-widget elementor-widget-text-editor\" data-id=\"d820e9b\" data-element_type=\"widget\" data-e-type=\"widget\" data-widget_type=\"text-editor.default\">\n\t\t\t\t<div class=\"elementor-widget-container\">\n\t\t\t\t\t\t\t\t\t<p>Ein Garten ist mehr als nur Pflanzen \u2013 er ist ein Ort zum Wohlf\u00fchlen, Genie\u00dfen und Gestalten. Ob kreative Pflanzkombinationen, nachhaltige Gestaltung oder pflegeleichte Konzepte \u2013 mit unserem Wissen aus \u00fcber 100 Jahren G\u00e4rtnerei helfen wir dir, deine Ideen in ein bl\u00fchendes Paradies zu verwandeln. Lass dich inspirieren und entdecke, was in deinem Garten m\u00f6glich ist!<\/p>\t\t\t\t\t\t\t\t<\/div>\n\t\t\t\t<\/div>\n\t\t\t\t<\/div>\n\t\t<div class=\"elementor-element elementor-element-8f480bd e-con-full e-flex e-con e-child\" data-id=\"8f480bd\" data-element_type=\"container\" data-e-type=\"container\">\n\t\t<a class=\"elementor-element elementor-element-284bfdc e-con-full nfg-card nfg-card-category e-flex e-con e-child\" data-id=\"284bfdc\" data-element_type=\"container\" data-e-type=\"container\" data-settings=\"{&quot;background_background&quot;:&quot;classic&quot;}\" href=\"\/blog\/pflanz-ideen-ratgeber\/\">\n\t\t\t\t<div class=\"elementor-element elementor-element-5762aff elementor-widget elementor-widget-image\" data-id=\"5762aff\" data-element_type=\"widget\" data-e-type=\"widget\" data-widget_type=\"image.default\">\n\t\t\t\t<div class=\"elementor-widget-container\">\n\t\t\t\t\t\t\t\t\t\t\t\t\t\t\t<img fetchpriority=\"high\" decoding=\"async\" width=\"800\" height=\"480\" src=\"https:\/\/www.garten-schlueter.de\/blog\/wp-content\/uploads\/garten-idee.jpg\" class=\"attachment-large size-large wp-image-7403\" alt=\"Ein Rhododendron-Garten\" srcset=\"https:\/\/www.garten-schlueter.de\/blog\/wp-content\/uploads\/garten-idee.jpg 1000w, https:\/\/www.garten-schlueter.de\/blog\/wp-content\/uploads\/garten-idee-300x180.jpg 300w, https:\/\/www.garten-schlueter.de\/blog\/wp-content\/uploads\/garten-idee-768x461.jpg 768w\" sizes=\"(max-width: 800px) 100vw, 800px\" \/>\t\t\t\t\t\t\t\t\t\t\t\t\t\t\t<\/div>\n\t\t\t\t<\/div>\n\t\t<div class=\"elementor-element elementor-element-50f5c8d e-con-full nfg-card-content e-flex e-con e-child\" data-id=\"50f5c8d\" data-element_type=\"container\" data-e-type=\"container\">\n\t\t\t\t<div class=\"elementor-element elementor-element-0e64384 elementor-widget elementor-widget-heading\" data-id=\"0e64384\" data-element_type=\"widget\" data-e-type=\"widget\" data-widget_type=\"heading.default\">\n\t\t\t\t<div class=\"elementor-widget-container\">\n\t\t\t\t\t<div class=\"elementor-heading-title elementor-size-default\">Pflanz-Ideen<\/div>\t\t\t\t<\/div>\n\t\t\t\t<\/div>\n\t\t\t\t<div class=\"elementor-element elementor-element-3633ff6 elementor-widget elementor-widget-text-editor\" data-id=\"3633ff6\" data-element_type=\"widget\" data-e-type=\"widget\" data-widget_type=\"text-editor.default\">\n\t\t\t\t<div class=\"elementor-widget-container\">\n\t\t\t\t\t\t\t\t\t<p>Ob farbenfrohe Beete oder pflegeleichte Konzepte \u2013 hier findest du kreative Ideen f\u00fcr deinen Garten. Lass dich inspirieren und gestalte dein gr\u00fcnes Paradies!<\/p>\t\t\t\t\t\t\t\t<\/div>\n\t\t\t\t<\/div>\n\t\t\t\t<div class=\"elementor-element elementor-element-215d2de nfg-card-button elementor-widget elementor-widget-heading\" data-id=\"215d2de\" data-element_type=\"widget\" data-e-type=\"widget\" data-widget_type=\"heading.default\">\n\t\t\t\t<div class=\"elementor-widget-container\">\n\t\t\t\t\t<div class=\"elementor-heading-title elementor-size-default\">weiter lesen<\/div>\t\t\t\t<\/div>\n\t\t\t\t<\/div>\n\t\t\t\t<\/div>\n\t\t\t\t<\/a>\n\t\t<a class=\"elementor-element elementor-element-49c2204 e-con-full nfg-card nfg-card-category e-flex e-con e-child\" data-id=\"49c2204\" data-element_type=\"container\" data-e-type=\"container\" data-settings=\"{&quot;background_background&quot;:&quot;classic&quot;}\" href=\"\/blog\/naturgarten-ratgeber\/\">\n\t\t\t\t<div class=\"elementor-element elementor-element-f761617 elementor-widget elementor-widget-image\" data-id=\"f761617\" data-element_type=\"widget\" data-e-type=\"widget\" data-widget_type=\"image.default\">\n\t\t\t\t<div class=\"elementor-widget-container\">\n\t\t\t\t\t\t\t\t\t\t\t\t\t\t\t<img decoding=\"async\" width=\"800\" height=\"480\" src=\"https:\/\/www.garten-schlueter.de\/blog\/wp-content\/uploads\/Naturbeet.jpg\" class=\"attachment-large size-large wp-image-7404\" alt=\"Naturbeet mit Bach\" srcset=\"https:\/\/www.garten-schlueter.de\/blog\/wp-content\/uploads\/Naturbeet.jpg 1000w, https:\/\/www.garten-schlueter.de\/blog\/wp-content\/uploads\/Naturbeet-300x180.jpg 300w, https:\/\/www.garten-schlueter.de\/blog\/wp-content\/uploads\/Naturbeet-768x461.jpg 768w\" sizes=\"(max-width: 800px) 100vw, 800px\" \/>\t\t\t\t\t\t\t\t\t\t\t\t\t\t\t<\/div>\n\t\t\t\t<\/div>\n\t\t<div class=\"elementor-element elementor-element-f169009 e-con-full nfg-card-content e-flex e-con e-child\" data-id=\"f169009\" data-element_type=\"container\" data-e-type=\"container\">\n\t\t\t\t<div class=\"elementor-element elementor-element-2f54a25 elementor-widget elementor-widget-heading\" data-id=\"2f54a25\" data-element_type=\"widget\" data-e-type=\"widget\" data-widget_type=\"heading.default\">\n\t\t\t\t<div class=\"elementor-widget-container\">\n\t\t\t\t\t<div class=\"elementor-heading-title elementor-size-default\">Naturgarten<\/div>\t\t\t\t<\/div>\n\t\t\t\t<\/div>\n\t\t\t\t<div class=\"elementor-element elementor-element-34d2b1d elementor-widget elementor-widget-text-editor\" data-id=\"34d2b1d\" data-element_type=\"widget\" data-e-type=\"widget\" data-widget_type=\"text-editor.default\">\n\t\t\t\t<div class=\"elementor-widget-container\">\n\t\t\t\t\t\t\t\t\t<p>Mit heimischen Pflanzen und nachhaltigen Methoden schaffst du einen lebendigen, naturnahen Garten. Erfahre, wie du die Artenvielfalt f\u00f6rderst und die Natur unterst\u00fctzt.<\/p>\t\t\t\t\t\t\t\t<\/div>\n\t\t\t\t<\/div>\n\t\t\t\t<div class=\"elementor-element elementor-element-48e666a nfg-card-button elementor-widget elementor-widget-heading\" data-id=\"48e666a\" data-element_type=\"widget\" data-e-type=\"widget\" data-widget_type=\"heading.default\">\n\t\t\t\t<div class=\"elementor-widget-container\">\n\t\t\t\t\t<div class=\"elementor-heading-title elementor-size-default\">weiter lesen<\/div>\t\t\t\t<\/div>\n\t\t\t\t<\/div>\n\t\t\t\t<\/div>\n\t\t\t\t<\/a>\n\t\t\t\t<\/div>\n\t\t\t\t\t<\/div>\n\t\t\t\t<\/div>\n\t\t\t\t<\/div>\n\t\t","protected":false},"excerpt":{"rendered":"<p>Ein Garten ist mehr als nur Pflanzen \u2013 er ist ein Ort zum Wohlf\u00fchlen, Genie\u00dfen und Gestalten. Ob kreative Pflanzkombinationen, nachhaltige Gestaltung oder pflegeleichte Konzepte \u2013 mit unserem Wissen aus \u00fcber 100 Jahren G\u00e4rtnerei helfen wir dir, deine Ideen in ein bl\u00fchendes Paradies zu verwandeln.<\/p>\n","protected":false},"author":5,"featured_media":7403,"parent":0,"menu_order":0,"comment_status":"closed","ping_status":"closed","template":"","meta":{"footnotes":""},"class_list":["post-7397","page","type-page","status-publish","has-post-thumbnail","hentry"],"yoast_head":"<!-- This site is optimized with the Yoast SEO plugin v27.3 - https:\/\/yoast.com\/product\/yoast-seo-wordpress\/ -->\n<title>Garten Schl\u00fcter | Garten-Inspiration<\/title>\n<meta name=\"description\" content=\"Entdecke kreative Ideen und praktische Tipps f\u00fcr deinen Garten. Lass dich inspirieren und gestalte dein gr\u00fcnes Paradies \u2013 jetzt lesen!\" \/>\n<meta name=\"robots\" content=\"index, follow, max-snippet:-1, max-image-preview:large, max-video-preview:-1\" \/>\n<link rel=\"canonical\" href=\"https:\/\/www.garten-schlueter.de\/blog\/garten-inspiration\/\" \/>\n<meta property=\"og:locale\" content=\"de_DE\" \/>\n<meta property=\"og:type\" content=\"article\" \/>\n<meta property=\"og:title\" content=\"Garten Schl\u00fcter | Garten-Inspiration\" \/>\n<meta property=\"og:description\" content=\"Entdecke kreative Ideen und praktische Tipps f\u00fcr deinen Garten. Lass dich inspirieren und gestalte dein gr\u00fcnes Paradies \u2013 jetzt lesen!\" \/>\n<meta property=\"og:url\" content=\"https:\/\/www.garten-schlueter.de\/blog\/garten-inspiration\/\" \/>\n<meta property=\"og:site_name\" content=\"Garten Schl\u00fcter\" \/>\n<meta property=\"article:modified_time\" content=\"2025-03-24T10:57:02+00:00\" \/>\n<meta property=\"og:image\" content=\"https:\/\/www.garten-schlueter.de\/blog\/wp-content\/uploads\/garten-idee.jpg\" \/>\n\t<meta property=\"og:image:width\" content=\"1000\" \/>\n\t<meta property=\"og:image:height\" content=\"600\" \/>\n\t<meta property=\"og:image:type\" content=\"image\/jpeg\" \/>\n<meta name=\"twitter:card\" content=\"summary_large_image\" \/>\n<meta name=\"twitter:label1\" content=\"Gesch\u00e4tzte Lesezeit\" \/>\n\t<meta name=\"twitter:data1\" content=\"2\u00a0Minuten\" \/>\n<script type=\"application\/ld+json\" class=\"yoast-schema-graph\">{\"@context\":\"https:\\\/\\\/schema.org\",\"@graph\":[{\"@type\":\"WebPage\",\"@id\":\"https:\\\/\\\/www.garten-schlueter.de\\\/blog\\\/garten-inspiration\\\/\",\"url\":\"https:\\\/\\\/www.garten-schlueter.de\\\/blog\\\/garten-inspiration\\\/\",\"name\":\"Garten Schl\u00fcter | Garten-Inspiration\",\"isPartOf\":{\"@id\":\"https:\\\/\\\/www.garten-schlueter.de\\\/blog\\\/#website\"},\"primaryImageOfPage\":{\"@id\":\"https:\\\/\\\/www.garten-schlueter.de\\\/blog\\\/garten-inspiration\\\/#primaryimage\"},\"image\":{\"@id\":\"https:\\\/\\\/www.garten-schlueter.de\\\/blog\\\/garten-inspiration\\\/#primaryimage\"},\"thumbnailUrl\":\"https:\\\/\\\/www.garten-schlueter.de\\\/blog\\\/wp-content\\\/uploads\\\/garten-idee.jpg\",\"datePublished\":\"2025-02-14T09:59:58+00:00\",\"dateModified\":\"2025-03-24T10:57:02+00:00\",\"description\":\"Entdecke kreative Ideen und praktische Tipps f\u00fcr deinen Garten. Lass dich inspirieren und gestalte dein gr\u00fcnes Paradies \u2013 jetzt lesen!\",\"breadcrumb\":{\"@id\":\"https:\\\/\\\/www.garten-schlueter.de\\\/blog\\\/garten-inspiration\\\/#breadcrumb\"},\"inLanguage\":\"de\",\"potentialAction\":[{\"@type\":\"ReadAction\",\"target\":[\"https:\\\/\\\/www.garten-schlueter.de\\\/blog\\\/garten-inspiration\\\/\"]}]},{\"@type\":\"ImageObject\",\"inLanguage\":\"de\",\"@id\":\"https:\\\/\\\/www.garten-schlueter.de\\\/blog\\\/garten-inspiration\\\/#primaryimage\",\"url\":\"https:\\\/\\\/www.garten-schlueter.de\\\/blog\\\/wp-content\\\/uploads\\\/garten-idee.jpg\",\"contentUrl\":\"https:\\\/\\\/www.garten-schlueter.de\\\/blog\\\/wp-content\\\/uploads\\\/garten-idee.jpg\",\"width\":1000,\"height\":600,\"caption\":\"Ein Rhododendron-Garten\"},{\"@type\":\"BreadcrumbList\",\"@id\":\"https:\\\/\\\/www.garten-schlueter.de\\\/blog\\\/garten-inspiration\\\/#breadcrumb\",\"itemListElement\":[{\"@type\":\"ListItem\",\"position\":1,\"name\":\"Startseite\",\"item\":\"https:\\\/\\\/www.garten-schlueter.de\\\/blog\\\/\"},{\"@type\":\"ListItem\",\"position\":2,\"name\":\"Garten-Inspiration\"}]},{\"@type\":\"WebSite\",\"@id\":\"https:\\\/\\\/www.garten-schlueter.de\\\/blog\\\/#website\",\"url\":\"https:\\\/\\\/www.garten-schlueter.de\\\/blog\\\/\",\"name\":\"Garten Schl\u00fcter\",\"description\":\"\",\"publisher\":{\"@id\":\"https:\\\/\\\/www.garten-schlueter.de\\\/blog\\\/#organization\"},\"potentialAction\":[{\"@type\":\"SearchAction\",\"target\":{\"@type\":\"EntryPoint\",\"urlTemplate\":\"https:\\\/\\\/www.garten-schlueter.de\\\/blog\\\/?s={search_term_string}\"},\"query-input\":{\"@type\":\"PropertyValueSpecification\",\"valueRequired\":true,\"valueName\":\"search_term_string\"}}],\"inLanguage\":\"de\"},{\"@type\":\"Organization\",\"@id\":\"https:\\\/\\\/www.garten-schlueter.de\\\/blog\\\/#organization\",\"name\":\"Garten Schl\u00fcter\",\"url\":\"https:\\\/\\\/www.garten-schlueter.de\\\/blog\\\/\",\"logo\":{\"@type\":\"ImageObject\",\"inLanguage\":\"de\",\"@id\":\"https:\\\/\\\/www.garten-schlueter.de\\\/blog\\\/#\\\/schema\\\/logo\\\/image\\\/\",\"url\":\"https:\\\/\\\/www.garten-schlueter.de\\\/blog\\\/wp-content\\\/uploads\\\/garten-schlueter-100.svg\",\"contentUrl\":\"https:\\\/\\\/www.garten-schlueter.de\\\/blog\\\/wp-content\\\/uploads\\\/garten-schlueter-100.svg\",\"width\":507,\"height\":105,\"caption\":\"Garten Schl\u00fcter\"},\"image\":{\"@id\":\"https:\\\/\\\/www.garten-schlueter.de\\\/blog\\\/#\\\/schema\\\/logo\\\/image\\\/\"}}]}<\/script>\n<!-- \/ Yoast SEO plugin. -->","yoast_head_json":{"title":"Garten Schl\u00fcter | Garten-Inspiration","description":"Entdecke kreative Ideen und praktische Tipps f\u00fcr deinen Garten. Lass dich inspirieren und gestalte dein gr\u00fcnes Paradies \u2013 jetzt lesen!","robots":{"index":"index","follow":"follow","max-snippet":"max-snippet:-1","max-image-preview":"max-image-preview:large","max-video-preview":"max-video-preview:-1"},"canonical":"https:\/\/www.garten-schlueter.de\/blog\/garten-inspiration\/","og_locale":"de_DE","og_type":"article","og_title":"Garten Schl\u00fcter | Garten-Inspiration","og_description":"Entdecke kreative Ideen und praktische Tipps f\u00fcr deinen Garten. Lass dich inspirieren und gestalte dein gr\u00fcnes Paradies \u2013 jetzt lesen!","og_url":"https:\/\/www.garten-schlueter.de\/blog\/garten-inspiration\/","og_site_name":"Garten Schl\u00fcter","article_modified_time":"2025-03-24T10:57:02+00:00","og_image":[{"width":1000,"height":600,"url":"https:\/\/www.garten-schlueter.de\/blog\/wp-content\/uploads\/garten-idee.jpg","type":"image\/jpeg"}],"twitter_card":"summary_large_image","twitter_misc":{"Gesch\u00e4tzte Lesezeit":"2\u00a0Minuten"},"schema":{"@context":"https:\/\/schema.org","@graph":[{"@type":"WebPage","@id":"https:\/\/www.garten-schlueter.de\/blog\/garten-inspiration\/","url":"https:\/\/www.garten-schlueter.de\/blog\/garten-inspiration\/","name":"Garten Schl\u00fcter | Garten-Inspiration","isPartOf":{"@id":"https:\/\/www.garten-schlueter.de\/blog\/#website"},"primaryImageOfPage":{"@id":"https:\/\/www.garten-schlueter.de\/blog\/garten-inspiration\/#primaryimage"},"image":{"@id":"https:\/\/www.garten-schlueter.de\/blog\/garten-inspiration\/#primaryimage"},"thumbnailUrl":"https:\/\/www.garten-schlueter.de\/blog\/wp-content\/uploads\/garten-idee.jpg","datePublished":"2025-02-14T09:59:58+00:00","dateModified":"2025-03-24T10:57:02+00:00","description":"Entdecke kreative Ideen und praktische Tipps f\u00fcr deinen Garten. Lass dich inspirieren und gestalte dein gr\u00fcnes Paradies \u2013 jetzt lesen!","breadcrumb":{"@id":"https:\/\/www.garten-schlueter.de\/blog\/garten-inspiration\/#breadcrumb"},"inLanguage":"de","potentialAction":[{"@type":"ReadAction","target":["https:\/\/www.garten-schlueter.de\/blog\/garten-inspiration\/"]}]},{"@type":"ImageObject","inLanguage":"de","@id":"https:\/\/www.garten-schlueter.de\/blog\/garten-inspiration\/#primaryimage","url":"https:\/\/www.garten-schlueter.de\/blog\/wp-content\/uploads\/garten-idee.jpg","contentUrl":"https:\/\/www.garten-schlueter.de\/blog\/wp-content\/uploads\/garten-idee.jpg","width":1000,"height":600,"caption":"Ein Rhododendron-Garten"},{"@type":"BreadcrumbList","@id":"https:\/\/www.garten-schlueter.de\/blog\/garten-inspiration\/#breadcrumb","itemListElement":[{"@type":"ListItem","position":1,"name":"Startseite","item":"https:\/\/www.garten-schlueter.de\/blog\/"},{"@type":"ListItem","position":2,"name":"Garten-Inspiration"}]},{"@type":"WebSite","@id":"https:\/\/www.garten-schlueter.de\/blog\/#website","url":"https:\/\/www.garten-schlueter.de\/blog\/","name":"Garten Schl\u00fcter","description":"","publisher":{"@id":"https:\/\/www.garten-schlueter.de\/blog\/#organization"},"potentialAction":[{"@type":"SearchAction","target":{"@type":"EntryPoint","urlTemplate":"https:\/\/www.garten-schlueter.de\/blog\/?s={search_term_string}"},"query-input":{"@type":"PropertyValueSpecification","valueRequired":true,"valueName":"search_term_string"}}],"inLanguage":"de"},{"@type":"Organization","@id":"https:\/\/www.garten-schlueter.de\/blog\/#organization","name":"Garten Schl\u00fcter","url":"https:\/\/www.garten-schlueter.de\/blog\/","logo":{"@type":"ImageObject","inLanguage":"de","@id":"https:\/\/www.garten-schlueter.de\/blog\/#\/schema\/logo\/image\/","url":"https:\/\/www.garten-schlueter.de\/blog\/wp-content\/uploads\/garten-schlueter-100.svg","contentUrl":"https:\/\/www.garten-schlueter.de\/blog\/wp-content\/uploads\/garten-schlueter-100.svg","width":507,"height":105,"caption":"Garten Schl\u00fcter"},"image":{"@id":"https:\/\/www.garten-schlueter.de\/blog\/#\/schema\/logo\/image\/"}}]}},"_links":{"self":[{"href":"https:\/\/www.garten-schlueter.de\/blog\/wp-json\/wp\/v2\/pages\/7397","targetHints":{"allow":["GET"]}}],"collection":[{"href":"https:\/\/www.garten-schlueter.de\/blog\/wp-json\/wp\/v2\/pages"}],"about":[{"href":"https:\/\/www.garten-schlueter.de\/blog\/wp-json\/wp\/v2\/types\/page"}],"author":[{"embeddable":true,"href":"https:\/\/www.garten-schlueter.de\/blog\/wp-json\/wp\/v2\/users\/5"}],"replies":[{"embeddable":true,"href":"https:\/\/www.garten-schlueter.de\/blog\/wp-json\/wp\/v2\/comments?post=7397"}],"version-history":[{"count":10,"href":"https:\/\/www.garten-schlueter.de\/blog\/wp-json\/wp\/v2\/pages\/7397\/revisions"}],"predecessor-version":[{"id":7410,"href":"https:\/\/www.garten-schlueter.de\/blog\/wp-json\/wp\/v2\/pages\/7397\/revisions\/7410"}],"wp:featuredmedia":[{"embeddable":true,"href":"https:\/\/www.garten-schlueter.de\/blog\/wp-json\/wp\/v2\/media\/7403"}],"wp:attachment":[{"href":"https:\/\/www.garten-schlueter.de\/blog\/wp-json\/wp\/v2\/media?parent=7397"}],"curies":[{"name":"wp","href":"https:\/\/api.w.org\/{rel}","templated":true}]}}