{"id":7198,"date":"2025-02-10T10:26:32","date_gmt":"2025-02-10T10:26:32","guid":{"rendered":"https:\/\/schlueter-dev.nfapp.de\/blog\/?page_id=7198"},"modified":"2025-12-01T15:21:53","modified_gmt":"2025-12-01T15:21:53","slug":"newsletter-abo","status":"publish","type":"page","link":"https:\/\/www.garten-schlueter.de\/blog\/newsletter-abo\/","title":{"rendered":"Newsletter Anmeldung"},"content":{"rendered":"\t\t<div data-elementor-type=\"wp-post\" data-elementor-id=\"7198\" class=\"elementor elementor-7198\" data-elementor-post-type=\"page\">\n\t\t\t\t<div class=\"elementor-element elementor-element-46a082c e-flex e-con-boxed e-con e-parent\" data-id=\"46a082c\" data-element_type=\"container\" data-e-type=\"container\">\n\t\t\t\t\t<div class=\"e-con-inner\">\n\t\t<div class=\"elementor-element elementor-element-8df0759 e-con-full e-flex e-con e-child\" data-id=\"8df0759\" data-element_type=\"container\" data-e-type=\"container\">\n\t\t\t\t<div class=\"elementor-element elementor-element-baf80a1 elementor-widget elementor-widget-heading\" data-id=\"baf80a1\" data-element_type=\"widget\" data-e-type=\"widget\" data-widget_type=\"heading.default\">\n\t\t\t\t<div class=\"elementor-widget-container\">\n\t\t\t\t\t<h1 class=\"elementor-heading-title elementor-size-default\">Abonniere den Newsletter<\/h1>\t\t\t\t<\/div>\n\t\t\t\t<\/div>\n\t\t\t\t<div class=\"elementor-element elementor-element-d820e9b elementor-widget elementor-widget-text-editor\" data-id=\"d820e9b\" data-element_type=\"widget\" data-e-type=\"widget\" data-widget_type=\"text-editor.default\">\n\t\t\t\t<div class=\"elementor-widget-container\">\n\t\t\t\t\t\t\t\t\t<h3>Gartenwissen direkt in dein Postfach \u2013 Jetzt anmelden!<\/h3><p>Erhalte regelm\u00e4\u00dfig wertvolle Tipps zur <strong data-start=\"137\" data-end=\"197\">Gartenpflege, Pflanzenauswahl und saisonalen Bepflanzung<\/strong>. Entdecke spannende Ideen f\u00fcr eine stilvolle Grabbepflanzung, bl\u00fchende Beete oder pflegeleichte Balkonpflanzen.<\/p>\t\t\t\t\t\t\t\t<\/div>\n\t\t\t\t<\/div>\n\t\t\t\t<div class=\"elementor-element elementor-element-4fb3c93 elementor-icon-list--layout-traditional elementor-list-item-link-full_width elementor-widget elementor-widget-icon-list\" data-id=\"4fb3c93\" data-element_type=\"widget\" data-e-type=\"widget\" data-widget_type=\"icon-list.default\">\n\t\t\t\t<div class=\"elementor-widget-container\">\n\t\t\t\t\t\t\t<ul class=\"elementor-icon-list-items\">\n\t\t\t\t\t\t\t<li class=\"elementor-icon-list-item\">\n\t\t\t\t\t\t\t\t\t\t\t<span class=\"elementor-icon-list-icon\">\n\t\t\t\t\t\t\t<svg aria-hidden=\"true\" class=\"e-font-icon-svg e-fas-leaf\" viewBox=\"0 0 576 512\" xmlns=\"http:\/\/www.w3.org\/2000\/svg\"><path d=\"M546.2 9.7c-5.6-12.5-21.6-13-28.3-1.2C486.9 62.4 431.4 96 368 96h-80C182 96 96 182 96 288c0 7 .8 13.7 1.5 20.5C161.3 262.8 253.4 224 384 224c8.8 0 16 7.2 16 16s-7.2 16-16 16C132.6 256 26 410.1 2.4 468c-6.6 16.3 1.2 34.9 17.5 41.6 16.4 6.8 35-1.1 41.8-17.3 1.5-3.6 20.9-47.9 71.9-90.6 32.4 43.9 94 85.8 174.9 77.2C465.5 467.5 576 326.7 576 154.3c0-50.2-10.8-102.2-29.8-144.6z\"><\/path><\/svg>\t\t\t\t\t\t<\/span>\n\t\t\t\t\t\t\t\t\t\t<span class=\"elementor-icon-list-text\">Exklusive Pflegetipps f\u00fcr jede Jahreszeit<\/span>\n\t\t\t\t\t\t\t\t\t<\/li>\n\t\t\t\t\t\t\t\t<li class=\"elementor-icon-list-item\">\n\t\t\t\t\t\t\t\t\t\t\t<span class=\"elementor-icon-list-icon\">\n\t\t\t\t\t\t\t<svg aria-hidden=\"true\" class=\"e-font-icon-svg e-fas-leaf\" viewBox=\"0 0 576 512\" xmlns=\"http:\/\/www.w3.org\/2000\/svg\"><path d=\"M546.2 9.7c-5.6-12.5-21.6-13-28.3-1.2C486.9 62.4 431.4 96 368 96h-80C182 96 96 182 96 288c0 7 .8 13.7 1.5 20.5C161.3 262.8 253.4 224 384 224c8.8 0 16 7.2 16 16s-7.2 16-16 16C132.6 256 26 410.1 2.4 468c-6.6 16.3 1.2 34.9 17.5 41.6 16.4 6.8 35-1.1 41.8-17.3 1.5-3.6 20.9-47.9 71.9-90.6 32.4 43.9 94 85.8 174.9 77.2C465.5 467.5 576 326.7 576 154.3c0-50.2-10.8-102.2-29.8-144.6z\"><\/path><\/svg>\t\t\t\t\t\t<\/span>\n\t\t\t\t\t\t\t\t\t\t<span class=\"elementor-icon-list-text\">Empfehlungen f\u00fcr die sch\u00f6nsten Pflanzen<\/span>\n\t\t\t\t\t\t\t\t\t<\/li>\n\t\t\t\t\t\t\t\t<li class=\"elementor-icon-list-item\">\n\t\t\t\t\t\t\t\t\t\t\t<span class=\"elementor-icon-list-icon\">\n\t\t\t\t\t\t\t<svg aria-hidden=\"true\" class=\"e-font-icon-svg e-fas-leaf\" viewBox=\"0 0 576 512\" xmlns=\"http:\/\/www.w3.org\/2000\/svg\"><path d=\"M546.2 9.7c-5.6-12.5-21.6-13-28.3-1.2C486.9 62.4 431.4 96 368 96h-80C182 96 96 182 96 288c0 7 .8 13.7 1.5 20.5C161.3 262.8 253.4 224 384 224c8.8 0 16 7.2 16 16s-7.2 16-16 16C132.6 256 26 410.1 2.4 468c-6.6 16.3 1.2 34.9 17.5 41.6 16.4 6.8 35-1.1 41.8-17.3 1.5-3.6 20.9-47.9 71.9-90.6 32.4 43.9 94 85.8 174.9 77.2C465.5 467.5 576 326.7 576 154.3c0-50.2-10.8-102.2-29.8-144.6z\"><\/path><\/svg>\t\t\t\t\t\t<\/span>\n\t\t\t\t\t\t\t\t\t\t<span class=\"elementor-icon-list-text\">Inspirationen f\u00fcr eine harmonische Gartengestaltung<\/span>\n\t\t\t\t\t\t\t\t\t<\/li>\n\t\t\t\t\t\t<\/ul>\n\t\t\t\t\t\t<\/div>\n\t\t\t\t<\/div>\n\t\t<div class=\"elementor-element elementor-element-8f480bd e-con-full e-flex e-con e-child\" data-id=\"8f480bd\" data-element_type=\"container\" data-e-type=\"container\">\n\t\t\t\t<div class=\"elementor-element elementor-element-5a01108 elementor-widget elementor-widget-shortcode\" data-id=\"5a01108\" data-element_type=\"widget\" data-e-type=\"widget\" data-widget_type=\"shortcode.default\">\n\t\t\t\t<div class=\"elementor-widget-container\">\n\t\t\t\t\t\t\t<div class=\"elementor-shortcode\">\n\t\t\t\t<script src=\"https:\/\/challenges.cloudflare.com\/turnstile\/v0\/api.js\"><\/script>\n\n\t\t\t\n\t\t\t<form id=\"sib_signup_form_1\" method=\"post\" class=\"sib_signup_form\">\n\t\t\t\t<div class=\"sib_loader\" style=\"display:none;\"><img\n\t\t\t\t\t\t\tsrc=\"https:\/\/www.garten-schlueter.de\/blog\/wp-includes\/images\/spinner.gif\" alt=\"loader\"><\/div>\n\t\t\t\t<input type=\"hidden\" name=\"sib_form_action\" value=\"subscribe_form_submit\">\n\t\t\t\t<input type=\"hidden\" name=\"sib_form_id\" value=\"1\">\n                <input type=\"hidden\" name=\"sib_form_alert_notice\" value=\"Bitte ausf\u00fcllen\">\n                <input type=\"hidden\" name=\"sib_form_invalid_email_notice\" value=\"Deine E-Mail scheint fehlerhaft zu sein.\">\n                <input type=\"hidden\" name=\"sib_security\" value=\"d93fa22c88\">\n\t\t\t\t<div class=\"sib_signup_box_inside_1\">\n\t\t\t\t\t<div style=\"\/*display:none*\/\" class=\"sib_msg_disp\">\n\t\t\t\t\t<\/div>\n                                            <div id=\"sib_captcha_invisible\" class=\"invi-recaptcha\" data-sitekey=\"\"><\/div>\n                    \t\t\t\t\t<p class=\"sib-email-area\">\r\n    E-Mail Adresse\r\n    <input type=\"email\" class=\"sib-email-area\" name=\"email\" required=\"required\">\r\n<\/p>\r\n<p class=\"sib-FIRSTNAME-area\">\r\n    Vorname\r\n    <input type=\"text\" class=\"sib-FIRSTNAME-area\" name=\"FIRSTNAME\">\r\n<\/p>\r\n<p class=\"sib-LASTNAME-area\">\r\n    Nachname\r\n    <input type=\"text\" class=\"sib-LASTNAME-area\" name=\"LASTNAME\">\r\n<\/p>\r\n<div id=\"cf-turnstile-0x4AAAAAACEA2n0N0V0YN-FU\" class=\"cf-turnstile\" data-error-callback=\"errorCallbackForTurnstileErrors\" data-sitekey=\"0x4AAAAAACEA2n0N0V0YN-FU\" data-theme=\"auto\" style=\"margin-bottom: 10px\"><\/div>\r\n<p>\r\n    <input type=\"submit\" class=\"sib-default-btn\" value=\"Abonnieren\">\r\n<\/p>\r\n\t\t\t\t<\/div>\n\t\t\t<\/form>\n\t\t\t<style>\n\t\t\t\tform#sib_signup_form_1 p.sib-alert-message {\n    padding: 6px 12px;\n    margin-bottom: 20px;\n    border: 1px solid transparent;\n    border-radius: 4px;\n    -webkit-box-sizing: border-box;\n    -moz-box-sizing: border-box;\n    box-sizing: border-box;\n}\nform#sib_signup_form_1 p.sib-alert-message-error {\n    background-color: #f2dede;\n    border-color: #ebccd1;\n    color: #a94442;\n}\nform#sib_signup_form_1 p.sib-alert-message-success {\n    background-color: #dff0d8;\n    border-color: #d6e9c6;\n    color: #3c763d;\n}\nform#sib_signup_form_1 p.sib-alert-message-warning {\n    background-color: #fcf8e3;\n    border-color: #faebcc;\n    color: #8a6d3b;\n}\n\t\t\t<\/style>\n\t\t\t<\/div>\n\t\t\t\t\t\t<\/div>\n\t\t\t\t<\/div>\n\t\t\t\t<\/div>\n\t\t\t\t<\/div>\n\t\t\t\t\t<\/div>\n\t\t\t\t<\/div>\n\t\t\t\t<\/div>\n\t\t","protected":false},"excerpt":{"rendered":"<p>Abonniere den Newsletter Gartenwissen direkt in dein Postfach \u2013 Jetzt anmelden! Erhalte regelm\u00e4\u00dfig wertvolle Tipps zur Gartenpflege, Pflanzenauswahl und saisonalen Bepflanzung. Entdecke spannende Ideen f\u00fcr eine stilvolle Grabbepflanzung, bl\u00fchende Beete oder pflegeleichte Balkonpflanzen. Exklusive Pflegetipps f\u00fcr jede Jahreszeit Empfehlungen f\u00fcr die sch\u00f6nsten Pflanzen Inspirationen f\u00fcr eine harmonische Gartengestaltung<\/p>\n","protected":false},"author":5,"featured_media":0,"parent":0,"menu_order":0,"comment_status":"closed","ping_status":"closed","template":"","meta":{"footnotes":""},"class_list":["post-7198","page","type-page","status-publish","hentry"],"yoast_head":"<!-- This site is optimized with the Yoast SEO plugin v27.3 - https:\/\/yoast.com\/product\/yoast-seo-wordpress\/ -->\n<title>Garten Schl\u00fcter | Newsletter Anmeldung<\/title>\n<meta name=\"description\" content=\"Abonniere unseren Newsletter und verpasse keine Garten-Tipps, Trends und Ratgeber. Jetzt anmelden und regelm\u00e4\u00dfig informiert bleiben!\" \/>\n<meta name=\"robots\" content=\"index, follow, max-snippet:-1, max-image-preview:large, max-video-preview:-1\" \/>\n<link rel=\"canonical\" href=\"https:\/\/www.garten-schlueter.de\/blog\/newsletter-abo\/\" \/>\n<meta property=\"og:locale\" content=\"de_DE\" \/>\n<meta property=\"og:type\" content=\"article\" \/>\n<meta property=\"og:title\" content=\"Garten Schl\u00fcter | Newsletter Anmeldung\" \/>\n<meta property=\"og:description\" content=\"Abonniere unseren Newsletter und verpasse keine Garten-Tipps, Trends und Ratgeber. Jetzt anmelden und regelm\u00e4\u00dfig informiert bleiben!\" \/>\n<meta property=\"og:url\" content=\"https:\/\/www.garten-schlueter.de\/blog\/newsletter-abo\/\" \/>\n<meta property=\"og:site_name\" content=\"Garten Schl\u00fcter\" \/>\n<meta property=\"article:modified_time\" content=\"2025-12-01T15:21:53+00:00\" \/>\n<meta name=\"twitter:card\" content=\"summary_large_image\" \/>\n<meta name=\"twitter:label1\" content=\"Gesch\u00e4tzte Lesezeit\" \/>\n\t<meta name=\"twitter:data1\" content=\"1\u00a0Minute\" \/>\n<script type=\"application\/ld+json\" class=\"yoast-schema-graph\">{\"@context\":\"https:\\\/\\\/schema.org\",\"@graph\":[{\"@type\":\"WebPage\",\"@id\":\"https:\\\/\\\/www.garten-schlueter.de\\\/blog\\\/newsletter-abo\\\/\",\"url\":\"https:\\\/\\\/www.garten-schlueter.de\\\/blog\\\/newsletter-abo\\\/\",\"name\":\"Garten Schl\u00fcter | Newsletter Anmeldung\",\"isPartOf\":{\"@id\":\"https:\\\/\\\/www.garten-schlueter.de\\\/blog\\\/#website\"},\"datePublished\":\"2025-02-10T10:26:32+00:00\",\"dateModified\":\"2025-12-01T15:21:53+00:00\",\"description\":\"Abonniere unseren Newsletter und verpasse keine Garten-Tipps, Trends und Ratgeber. Jetzt anmelden und regelm\u00e4\u00dfig informiert bleiben!\",\"breadcrumb\":{\"@id\":\"https:\\\/\\\/www.garten-schlueter.de\\\/blog\\\/newsletter-abo\\\/#breadcrumb\"},\"inLanguage\":\"de\",\"potentialAction\":[{\"@type\":\"ReadAction\",\"target\":[\"https:\\\/\\\/www.garten-schlueter.de\\\/blog\\\/newsletter-abo\\\/\"]}]},{\"@type\":\"BreadcrumbList\",\"@id\":\"https:\\\/\\\/www.garten-schlueter.de\\\/blog\\\/newsletter-abo\\\/#breadcrumb\",\"itemListElement\":[{\"@type\":\"ListItem\",\"position\":1,\"name\":\"Startseite\",\"item\":\"https:\\\/\\\/www.garten-schlueter.de\\\/blog\\\/\"},{\"@type\":\"ListItem\",\"position\":2,\"name\":\"Newsletter Anmeldung\"}]},{\"@type\":\"WebSite\",\"@id\":\"https:\\\/\\\/www.garten-schlueter.de\\\/blog\\\/#website\",\"url\":\"https:\\\/\\\/www.garten-schlueter.de\\\/blog\\\/\",\"name\":\"Garten Schl\u00fcter\",\"description\":\"\",\"publisher\":{\"@id\":\"https:\\\/\\\/www.garten-schlueter.de\\\/blog\\\/#organization\"},\"potentialAction\":[{\"@type\":\"SearchAction\",\"target\":{\"@type\":\"EntryPoint\",\"urlTemplate\":\"https:\\\/\\\/www.garten-schlueter.de\\\/blog\\\/?s={search_term_string}\"},\"query-input\":{\"@type\":\"PropertyValueSpecification\",\"valueRequired\":true,\"valueName\":\"search_term_string\"}}],\"inLanguage\":\"de\"},{\"@type\":\"Organization\",\"@id\":\"https:\\\/\\\/www.garten-schlueter.de\\\/blog\\\/#organization\",\"name\":\"Garten Schl\u00fcter\",\"url\":\"https:\\\/\\\/www.garten-schlueter.de\\\/blog\\\/\",\"logo\":{\"@type\":\"ImageObject\",\"inLanguage\":\"de\",\"@id\":\"https:\\\/\\\/www.garten-schlueter.de\\\/blog\\\/#\\\/schema\\\/logo\\\/image\\\/\",\"url\":\"https:\\\/\\\/www.garten-schlueter.de\\\/blog\\\/wp-content\\\/uploads\\\/garten-schlueter-100.svg\",\"contentUrl\":\"https:\\\/\\\/www.garten-schlueter.de\\\/blog\\\/wp-content\\\/uploads\\\/garten-schlueter-100.svg\",\"width\":507,\"height\":105,\"caption\":\"Garten Schl\u00fcter\"},\"image\":{\"@id\":\"https:\\\/\\\/www.garten-schlueter.de\\\/blog\\\/#\\\/schema\\\/logo\\\/image\\\/\"}}]}<\/script>\n<!-- \/ Yoast SEO plugin. -->","yoast_head_json":{"title":"Garten Schl\u00fcter | Newsletter Anmeldung","description":"Abonniere unseren Newsletter und verpasse keine Garten-Tipps, Trends und Ratgeber. Jetzt anmelden und regelm\u00e4\u00dfig informiert bleiben!","robots":{"index":"index","follow":"follow","max-snippet":"max-snippet:-1","max-image-preview":"max-image-preview:large","max-video-preview":"max-video-preview:-1"},"canonical":"https:\/\/www.garten-schlueter.de\/blog\/newsletter-abo\/","og_locale":"de_DE","og_type":"article","og_title":"Garten Schl\u00fcter | Newsletter Anmeldung","og_description":"Abonniere unseren Newsletter und verpasse keine Garten-Tipps, Trends und Ratgeber. Jetzt anmelden und regelm\u00e4\u00dfig informiert bleiben!","og_url":"https:\/\/www.garten-schlueter.de\/blog\/newsletter-abo\/","og_site_name":"Garten Schl\u00fcter","article_modified_time":"2025-12-01T15:21:53+00:00","twitter_card":"summary_large_image","twitter_misc":{"Gesch\u00e4tzte Lesezeit":"1\u00a0Minute"},"schema":{"@context":"https:\/\/schema.org","@graph":[{"@type":"WebPage","@id":"https:\/\/www.garten-schlueter.de\/blog\/newsletter-abo\/","url":"https:\/\/www.garten-schlueter.de\/blog\/newsletter-abo\/","name":"Garten Schl\u00fcter | Newsletter Anmeldung","isPartOf":{"@id":"https:\/\/www.garten-schlueter.de\/blog\/#website"},"datePublished":"2025-02-10T10:26:32+00:00","dateModified":"2025-12-01T15:21:53+00:00","description":"Abonniere unseren Newsletter und verpasse keine Garten-Tipps, Trends und Ratgeber. Jetzt anmelden und regelm\u00e4\u00dfig informiert bleiben!","breadcrumb":{"@id":"https:\/\/www.garten-schlueter.de\/blog\/newsletter-abo\/#breadcrumb"},"inLanguage":"de","potentialAction":[{"@type":"ReadAction","target":["https:\/\/www.garten-schlueter.de\/blog\/newsletter-abo\/"]}]},{"@type":"BreadcrumbList","@id":"https:\/\/www.garten-schlueter.de\/blog\/newsletter-abo\/#breadcrumb","itemListElement":[{"@type":"ListItem","position":1,"name":"Startseite","item":"https:\/\/www.garten-schlueter.de\/blog\/"},{"@type":"ListItem","position":2,"name":"Newsletter Anmeldung"}]},{"@type":"WebSite","@id":"https:\/\/www.garten-schlueter.de\/blog\/#website","url":"https:\/\/www.garten-schlueter.de\/blog\/","name":"Garten Schl\u00fcter","description":"","publisher":{"@id":"https:\/\/www.garten-schlueter.de\/blog\/#organization"},"potentialAction":[{"@type":"SearchAction","target":{"@type":"EntryPoint","urlTemplate":"https:\/\/www.garten-schlueter.de\/blog\/?s={search_term_string}"},"query-input":{"@type":"PropertyValueSpecification","valueRequired":true,"valueName":"search_term_string"}}],"inLanguage":"de"},{"@type":"Organization","@id":"https:\/\/www.garten-schlueter.de\/blog\/#organization","name":"Garten Schl\u00fcter","url":"https:\/\/www.garten-schlueter.de\/blog\/","logo":{"@type":"ImageObject","inLanguage":"de","@id":"https:\/\/www.garten-schlueter.de\/blog\/#\/schema\/logo\/image\/","url":"https:\/\/www.garten-schlueter.de\/blog\/wp-content\/uploads\/garten-schlueter-100.svg","contentUrl":"https:\/\/www.garten-schlueter.de\/blog\/wp-content\/uploads\/garten-schlueter-100.svg","width":507,"height":105,"caption":"Garten Schl\u00fcter"},"image":{"@id":"https:\/\/www.garten-schlueter.de\/blog\/#\/schema\/logo\/image\/"}}]}},"_links":{"self":[{"href":"https:\/\/www.garten-schlueter.de\/blog\/wp-json\/wp\/v2\/pages\/7198","targetHints":{"allow":["GET"]}}],"collection":[{"href":"https:\/\/www.garten-schlueter.de\/blog\/wp-json\/wp\/v2\/pages"}],"about":[{"href":"https:\/\/www.garten-schlueter.de\/blog\/wp-json\/wp\/v2\/types\/page"}],"author":[{"embeddable":true,"href":"https:\/\/www.garten-schlueter.de\/blog\/wp-json\/wp\/v2\/users\/5"}],"replies":[{"embeddable":true,"href":"https:\/\/www.garten-schlueter.de\/blog\/wp-json\/wp\/v2\/comments?post=7198"}],"version-history":[{"count":31,"href":"https:\/\/www.garten-schlueter.de\/blog\/wp-json\/wp\/v2\/pages\/7198\/revisions"}],"predecessor-version":[{"id":8421,"href":"https:\/\/www.garten-schlueter.de\/blog\/wp-json\/wp\/v2\/pages\/7198\/revisions\/8421"}],"wp:attachment":[{"href":"https:\/\/www.garten-schlueter.de\/blog\/wp-json\/wp\/v2\/media?parent=7198"}],"curies":[{"name":"wp","href":"https:\/\/api.w.org\/{rel}","templated":true}]}}